{"id":7,"date":"2026-04-03T15:52:57","date_gmt":"2026-04-03T15:52:57","guid":{"rendered":"https:\/\/globoterraqueo.world\/?page_id=7"},"modified":"2026-04-03T15:53:24","modified_gmt":"2026-04-03T15:53:24","slug":"7-2","status":"publish","type":"page","link":"https:\/\/globoterraqueo.world\/","title":{"rendered":"Trang ch\u1ee7"},"content":{"rendered":"\n<div class=\"row\"  id=\"row-581272231\">\n\n\n\t<div id=\"col-1028248157\" class=\"col small-12 large-12\"  >\n\t\t\t\t<div class=\"col-inner\"  >\n\t\t\t\n\t\t\t\n\n<h1 style=\"text-align: center;\" data-section-id=\"1h1w3lm\" data-start=\"88\" data-end=\"133\">CM88 L\u00e0 G\u00ec? Th\u00f4ng Tin C\u01a1 B\u1ea3n Cho Ng\u01b0\u1eddi M\u1edbi<\/h1>\n<p style=\"text-align: left;\" data-start=\"135\" data-end=\"347\">CM88 l\u00e0 m\u1ed9t n\u1ec1n t\u1ea3ng gi\u1ea3i tr\u00ed tr\u1ef1c tuy\u1ebfn \u0111\u01b0\u1ee3c nhi\u1ec1u ng\u01b0\u1eddi d\u00f9ng bi\u1ebft \u0111\u1ebfn trong th\u1eddi gian g\u1ea7n \u0111\u00e2y. H\u1ec7 th\u1ed1ng \u0111\u01b0\u1ee3c x\u00e2y d\u1ef1ng v\u1edbi giao di\u1ec7n \u0111\u01a1n gi\u1ea3n, d\u1ec5 thao t\u00e1c, ph\u00f9 h\u1ee3p cho c\u1ea3 ng\u01b0\u1eddi m\u1edbi l\u1eabn ng\u01b0\u1eddi \u0111\u00e3 c\u00f3 kinh nghi\u1ec7m.<\/p>\n<p style=\"text-align: left;\" data-start=\"349\" data-end=\"570\">Ng\u01b0\u1eddi d\u00f9ng c\u00f3 th\u1ec3 truy c\u1eadp CM88 tr\u00ean nhi\u1ec1u thi\u1ebft b\u1ecb kh\u00e1c nhau nh\u01b0 \u0111i\u1ec7n tho\u1ea1i ho\u1eb7c m\u00e1y t\u00ednh m\u00e0 kh\u00f4ng g\u1eb7p tr\u1edf ng\u1ea1i v\u1ec1 t\u1ed1c \u0111\u1ed9. N\u1ec1n t\u1ea3ng cung c\u1ea5p nhi\u1ec1u l\u1ef1a ch\u1ecdn gi\u1ea3i tr\u00ed, gi\u00fap tr\u1ea3i nghi\u1ec7m lu\u00f4n \u0111a d\u1ea1ng v\u00e0 kh\u00f4ng b\u1ecb nh\u00e0m ch\u00e1n.<\/p>\n<p style=\"text-align: left;\" data-start=\"572\" data-end=\"708\">B\u00ean c\u1ea1nh \u0111\u00f3, h\u1ec7 th\u1ed1ng c\u0169ng ch\u00fa tr\u1ecdng \u0111\u1ebfn vi\u1ec7c t\u1ed1i \u01b0u hi\u1ec7u n\u0103ng v\u00e0 b\u1ea3o m\u1eadt th\u00f4ng tin, nh\u1eb1m mang l\u1ea1i s\u1ef1 \u1ed5n \u0111\u1ecbnh trong qu\u00e1 tr\u00ecnh s\u1eed d\u1ee5ng.<\/p>\n<p style=\"text-align: left;\" data-start=\"710\" data-end=\"838\">Nh\u00ecn chung, CM88 l\u00e0 m\u1ed9t l\u1ef1a ch\u1ecdn gi\u1ea3i tr\u00ed tr\u1ef1c tuy\u1ebfn h\u01b0\u1edbng \u0111\u1ebfn s\u1ef1 ti\u1ec7n l\u1ee3i, d\u1ec5 ti\u1ebfp c\u1eadn v\u00e0 tr\u1ea3i nghi\u1ec7m m\u01b0\u1ee3t m\u00e0 cho ng\u01b0\u1eddi d\u00f9ng.<\/p>\n\n\t\t<\/div>\n\t\t\t\t\t<\/div>\n\n\t\n\n<\/div>\n\n","protected":false},"excerpt":{"rendered":"","protected":false},"author":1,"featured_media":0,"parent":0,"menu_order":0,"comment_status":"closed","ping_status":"closed","template":"","meta":{"footnotes":""},"class_list":["post-7","page","type-page","status-publish","hentry"],"_links":{"self":[{"href":"https:\/\/globoterraqueo.world\/index.php\/wp-json\/wp\/v2\/pages\/7","targetHints":{"allow":["GET"]}}],"collection":[{"href":"https:\/\/globoterraqueo.world\/index.php\/wp-json\/wp\/v2\/pages"}],"about":[{"href":"https:\/\/globoterraqueo.world\/index.php\/wp-json\/wp\/v2\/types\/page"}],"author":[{"embeddable":true,"href":"https:\/\/globoterraqueo.world\/index.php\/wp-json\/wp\/v2\/users\/1"}],"replies":[{"embeddable":true,"href":"https:\/\/globoterraqueo.world\/index.php\/wp-json\/wp\/v2\/comments?post=7"}],"version-history":[{"count":3,"href":"https:\/\/globoterraqueo.world\/index.php\/wp-json\/wp\/v2\/pages\/7\/revisions"}],"predecessor-version":[{"id":11,"href":"https:\/\/globoterraqueo.world\/index.php\/wp-json\/wp\/v2\/pages\/7\/revisions\/11"}],"wp:attachment":[{"href":"https:\/\/globoterraqueo.world\/index.php\/wp-json\/wp\/v2\/media?parent=7"}],"curies":[{"name":"wp","href":"https:\/\/api.w.org\/{rel}","templated":true}]}}